{"id":172,"date":"2024-01-29T00:00:29","date_gmt":"2024-01-28T22:00:29","guid":{"rendered":"http:\/\/revistabiz.ro\/innovationforum2017\/?page_id=172"},"modified":"2025-03-10T18:16:22","modified_gmt":"2025-03-10T16:16:22","slug":"program","status":"publish","type":"page","link":"https:\/\/bizinnovationforum.ro\/2025\/program\/","title":{"rendered":"Program"},"content":{"rendered":"<p>[vc_row][vc_column][vc_column_text]<strong>Viitorul apar\u021bine celor care inoveaz\u0103.<\/strong> Diferen\u021ba dintre un lider \u0219i un follower nu st\u0103 doar \u00een viziune, ci \u0219i \u00een capacitatea de a transforma ideile \u00een realitate. \u00centr-o lume digitalizat\u0103, companiile care \u00eendr\u0103znesc s\u0103 inoveze, indiferent de industrie, sunt cele care definesc regulile \u0219i \u00ee\u0219i asigur\u0103 succesul pe termen lung.<\/p>\n<p><strong>Biz Innovation Forum<\/strong> este evenimentul care aduce \u00eempreun\u0103 <strong>startup-uri agile, corpora\u021bii vizionare \u0219i investitori<\/strong> pentru a explora <strong>tehnologiile, strategiile \u0219i modelele de business care vor contura viitorul economiei.<\/strong><\/p>\n<p style=\"text-align: center;\"><strong>Vino s\u0103 descoperi tendin\u021bele care schimb\u0103 businessul \u0219i s\u0103 te conectezi cu inovatorii care rescriu regulile jocului!<\/strong><\/p>\n<p>[\/vc_column_text][\/vc_column][\/vc_row][vc_row][vc_column][ucaddon_uc_program_content title=&#8221;\u00cenregistrare participan\u021bi&#8221; th_de_la=&#8221;9&#8243; th_de_la_min=&#8221;30&#8243; uc_fonts_data=&#8221;JTdCJTdE&#8221;][\/ucaddon_uc_program_content][ucaddon_uc_program_content title=&#8221;SESIUNEA I: EMPOWERING INNOVATION FOR A BETTER FUTURE&#8221; th_de_la=&#8221;10&#8243; th_pana_la=&#8221;11&#8243; th_pana_la_min=&#8221;30&#8243; uc_fonts_data=&#8221;JTdCJTdE&#8221;]JTNDcCUzRUNlYSUyMG1haSUyMG1hcmUlMjBwcm92b2NhcmUlMjBwZW50cnUlMjBpbm92YXRvcmklMjBlc3RlJTIwcyVDNCU4MyUyMHRyYW5zZm9ybWUlMjBpZGVpbGUlMjBsb3IlMjAlQzMlQUVuJTIwcmVhbGl0YXRlJTIwJUM4JTk5aSUyMHMlQzQlODMlMjBsZSUyMGNvbnZlcnRlYXNjJUM0JTgzJTIwJUMzJUFFbnRyLXVuJTIwcHJvZHVzJTJDJTIwc2VydmljaXUlMjBzYXUlMjBwcm9jZXMlMjB2aWFiaWwuJTIwT3JnYW5pemElQzglOUJpaWxlJTIwdHJlYnVpZSUyMHMlQzQlODMlMjBjb25zdHJ1aWFzYyVDNCU4MyUyMG8lMjBjdWx0dXIlQzQlODMlMjBkaWZlcml0JUM0JTgzJTJDJTIwY2FyZSUyMHMlQzQlODMlMjAlQzMlQUVuY3VyYWplemUlMjBpbm92YSVDOCU5QmlhJTJDJTIwZGFyJTIwY3UlMjB1biUyMGFjY2VudCUyMGNsYXIlMkMlMjBwZW50cnUlMjBhJTIwb2ZlcmklMjB1biUyMGF2YW50YWolMjB1bmljJTIwY29tcGFuaWlsb3IlMjBjYXJlJTIwJUM4JTk5dGl1JTIwcyVDNCU4MyUyMG1vbmV0aXplemUlMjB0ZW5kaW4lQzglOUJlbGUlMkMlMjBzJUM0JTgzJTIwc3RpbXVsZXplJTIwY3JlJUM4JTk5dGVyZWElMjAlQzglOTlpJTIwcyVDNCU4MyUyMHJlaW52ZXN0ZWFzYyVDNCU4MyUyMCVDMyVBRW4lMjBhZmFjZXJlYSUyMGxvci4lM0MlMkZwJTNFJTNDcCUzRSUzQ3N0cm9uZyUzRVNQRUFLRVJTJTNBJTNDJTJGc3Ryb25nJTNFJTNDJTJGcCUzRSUzQ3VsJTNFJTNDbGklMjBkYXRhLXN0YXJ0JTNEJTIyNzIyJTIyJTIwZGF0YS1lbmQlM0QlMjI4NTYlMjIlM0UlM0NwJTIwZGF0YS1zdGFydCUzRCUyMjcyNCUyMiUyMGRhdGEtZW5kJTNEJTIyODU2JTIyJTNFJTNDc3Ryb25nJTIwZGF0YS1zdGFydCUzRCUyMjcyNCUyMiUyMGRhdGEtZW5kJTNEJTIyNzcyJTIyJTNFRWR3YXJkJTIwQWxleGFuZHJ1JTIwQ3JlJUM4JTlCZXNjdSUyMCVFMiU4MCU5MyUyMFByZSVDOCU5OWVkaW50ZSUyQyUyMEFOSVMlM0MlMkZzdHJvbmclM0UlM0NiciUyMGRhdGEtc3RhcnQlM0QlMjI3NzIlMjIlMjBkYXRhLWVuZCUzRCUyMjc3NSUyMiUyMCUyRiUzRSUzQ2VtJTIwZGF0YS1zdGFydCUzRCUyMjc3NyUyMiUyMGRhdGEtZW5kJTNEJTIyODU0JTIyJTNFRXZvbHUlQzglOUJpYSUyMGRpZ2l0YWxpeiVDNCU4M3JpaSUyMCVDMyVBRW4lMjBpbmR1c3RyaWUlMjAlQzglOTlpJTIwcG9saXRpY2lsZSUyMHB1YmxpY2UlMjBwZW50cnUlMjB0ZWhub2xvZ2llJTNDJTJGZW0lM0UlM0MlMkZwJTNFJTNDJTJGbGklM0UlM0NsaSUyMGRhdGEtc3RhcnQlM0QlMjI4NTglMjIlMjBkYXRhLWVuZCUzRCUyMjExMDklMjIlM0UlM0NwJTIwZGF0YS1zdGFydCUzRCUyMjg2MCUyMiUyMGRhdGEtZW5kJTNEJTIyMTEwOSUyMiUzRSUzQ3N0cm9uZyUyMGRhdGEtc3RhcnQlM0QlMjI4NjAlMjIlMjBkYXRhLWVuZCUzRCUyMjEwMDklMjIlM0VQYXVsJTIwQnV0bmFydSUyMCVFMiU4MCU5MyUyMERpcmVjdG9yJTIwb2YlMjBQcm9kdWN0JTIwTWFuYWdlbWVudCUyQyUyMEJpdGRlZmVuZGVyJTIwJTI2YW1wJTNCJTIwTXVndXJlbCUyMEIlQzQlODNsYW4lMjAlRTIlODAlOTMlMjBTYXRlbGxpdGUlMjBTeXN0ZW1zJTIwJTI2YW1wJTNCJTIwQUlUJTIwTWFuYWdlciUyQyUyMFJvbWFuaWFuJTIwSW5TcGFjZSUyMEVuZ2luZWVyaW5nJTIwJTI4UklTRSUyOSUzQyUyRnN0cm9uZyUzRSUzQ2JyJTIwZGF0YS1zdGFydCUzRCUyMjEwMDklMjIlMjBkYXRhLWVuZCUzRCUyMjEwMTIlMjIlMjAlMkYlM0UlM0NlbSUyMGRhdGEtc3RhcnQlM0QlMjIxMDE0JTIyJTIwZGF0YS1lbmQlM0QlMjIxMTA3JTIyJTNFU2VjdXJpdGF0ZWElMjBjaWJlcm5ldGljJUM0JTgzJTIwJUM4JTk5aSUyMGV4cGxvcmFyZWElMjBzcGElQzglOUJpYWwlQzQlODMlMjAlRTIlODAlOTMlMjBJbm92YSVDOCU5QmllJTIwJUM4JTk5aSUyMHByb3RlYyVDOCU5QmllJTIwJUMzJUFFbnRyLW8lMjBsdW1lJTIwZGlnaXRhbCVDNCU4MyUzQyUyRmVtJTNFJTNDJTJGcCUzRSUzQyUyRmxpJTNFJTNDbGklMjBkYXRhLXN0YXJ0JTNEJTIyMTExMSUyMiUyMGRhdGEtZW5kJTNEJTIyMTE5MCUyMiUzRSUzQ3AlMjBkYXRhLXN0YXJ0JTNEJTIyMTExMyUyMiUyMGRhdGEtZW5kJTNEJTIyMTE5MCUyMiUzRSUzQ3N0cm9uZyUyMGRhdGEtc3RhcnQlM0QlMjIxMTEzJTIyJTIwZGF0YS1lbmQlM0QlMjIxMTMzJTIyJTNFTWloYWklMjBTdGFuY2l1JTJDJTIwSGVhZCUyMG9mJTIwRGlnaXRhbCUyMElubm92YXRpb24lMkMlMjBQUEMlMjBSb21hbmlhJTNDJTJGc3Ryb25nJTNFJTNDYnIlMjBkYXRhLXN0YXJ0JTNEJTIyMTEzMyUyMiUyMGRhdGEtZW5kJTNEJTIyMTEzNiUyMiUyMCUyRiUzRSUzQ2VtJTIwZGF0YS1zdGFydCUzRCUyMjExMzglMjIlMjBkYXRhLWVuZCUzRCUyMjExODglMjIlM0VDdW0lMjBhYm9yZGFtJTIwaW5vdmF0aWElMjBpbiUyMGVuZXJnaWUlM0MlMkZlbSUzRSUzQyUyRnAlM0UlM0MlMkZsaSUzRSUzQ2xpJTIwZGF0YS1zdGFydCUzRCUyMjExMTElMjIlMjBkYXRhLWVuZCUzRCUyMjExOTAlMjIlM0UlM0NwJTIwZGF0YS1zdGFydCUzRCUyMjExMTMlMjIlMjBkYXRhLWVuZCUzRCUyMjExOTAlMjIlM0UlM0NzdHJvbmclMjBkYXRhLXN0YXJ0JTNEJTIyMiUyMiUyMGRhdGEtZW5kJTNEJTIyNjYlMjIlMjBkYXRhLWlzLW9ubHktbm9kZSUzRCUyMiUyMiUzRU1hdGVpJTIwRHVtaXRyZXNjdSUyMCVFMiU4MCU5MyUyMEZvdW5kZXIlMkMlMjBpZEVBJTIwJTI2YW1wJTNCJTIwVmljZXByZXNpZGVudCUyQyUyMFRlY2hhbmdlbHMlM0MlMkZzdHJvbmclM0UlM0NiciUyMGRhdGEtc3RhcnQlM0QlMjI2NiUyMiUyMGRhdGEtZW5kJTNEJTIyNjklMjIlMjAlMkYlM0UlM0NlbSUyMGRhdGEtc3RhcnQlM0QlMjI3MSUyMiUyMGRhdGEtZW5kJTNEJTIyMTQzJTIyJTNFTWVudG9yYXQlMjAlQzglOTlpJTIwYnVzaW5lc3MlMjBhbmdlbHMlM0ElMjBjdW0lMjBzJUM0JTgzJTIwY29uc3RydWllJUM4JTk5dGklMjB1biUyMHN0YXJ0dXAlMjBpbnZlc3RpYmlsJTNDJTJGZW0lM0UlM0MlMkZwJTNFJTNDJTJGbGklM0UlM0NsaSUyMGRhdGEtc3RhcnQlM0QlMjIxMTExJTIyJTIwZGF0YS1lbmQlM0QlMjIxMTkwJTIyJTNFJTNDcCUyMGRhdGEtc3RhcnQlM0QlMjIxMTEzJTIyJTIwZGF0YS1lbmQlM0QlMjIxMTkwJTIyJTNFJTNDc3Ryb25nJTIwZGF0YS1zdGFydCUzRCUyMjEyOTclMjIlMjBkYXRhLWVuZCUzRCUyMjEzMzQlMjIlM0VDbGF1ZGl1JTIwUCVDMyVBMm5kYXJ1JTIwJUUyJTgwJTkzJTIwRm9uZGF0b3IlMkMlMjBQYXJvbCUzQyUyRnN0cm9uZyUzRSUzQ2JyJTIwZGF0YS1zdGFydCUzRCUyMjEzMzQlMjIlMjBkYXRhLWVuZCUzRCUyMjEzMzclMjIlMjAlMkYlM0UlM0NlbSUyMGRhdGEtc3RhcnQlM0QlMjIxMzM5JTIyJTIwZGF0YS1lbmQlM0QlMjIxNDAyJTIyJTNFUm9sdWwlMjBBSSUyMCVDOCU5OWklMjBtYWNoaW5lJTIwbGVhcm5pbmclMjAlQzMlQUVuJTIwaW5kdXN0cmlhJTIwbWVkaWElMjAlQzglOTlpJTIwY29tdW5pY2FyZSUzQyUyRmVtJTNFJTNDJTJGcCUzRSUzQyUyRmxpJTNFJTNDbGklMjBkYXRhLXN0YXJ0JTNEJTIyMTExMSUyMiUyMGRhdGEtZW5kJTNEJTIyMTE5MCUyMiUzRSUzQ3AlMjBkYXRhLXN0YXJ0JTNEJTIyMTExMyUyMiUyMGRhdGEtZW5kJTNEJTIyMTE5MCUyMiUzRSUzQ3N0cm9uZyUyMGRhdGEtc3RhcnQlM0QlMjIxNDA4JTIyJTIwZGF0YS1lbmQlM0QlMjIxNDY4JTIyJTNFTWloYWklMjBNYW5vbGUlMjAlRTIlODAlOTMlMjBBYyVDOCU5QmlvbmFyJTIwJUM4JTk5aSUyMERpcmVjdG9yJTIwR2VuZXJhbCUyQyUyMFRlbWElMjBFbmVyZ3klM0MlMkZzdHJvbmclM0UlM0NiciUyMGRhdGEtc3RhcnQlM0QlMjIxNDY4JTIyJTIwZGF0YS1lbmQlM0QlMjIxNDcxJTIyJTIwJTJGJTNFJTNDZW0lMjBkYXRhLXN0YXJ0JTNEJTIyMTQ3MyUyMiUyMGRhdGEtZW5kJTNEJTIyMTU2MCUyMiUzRUVuZXJnaWUlMkMlMjBpbmZyYXN0cnVjdHVyJUM0JTgzJTIwJUM4JTk5aSUyMGNsb3VkJTIwJUUyJTgwJTkzJTIwdHJhbnNmb3JtYXJlYSUyMGRpZ2l0YWwlQzQlODMlMjBhJTIwaW5mcmFzdHJ1Y3R1cmlsb3IlMjBjcml0aWNlJTNDJTJGZW0lM0UlM0MlMkZwJTNFJTNDJTJGbGklM0UlM0MlMkZ1bCUzRQ==[\/ucaddon_uc_program_content][ucaddon_uc_program_content title=&#8221;COFFEE BREAK powered by 5 to go&#8221; th_de_la=&#8221;11&#8243; th_de_la_min=&#8221;45&#8243; th_pana_la=&#8221;12&#8243; th_pana_la_min=&#8221;15&#8243; uc_init_settings=&#8221;&#8221; uc_fonts_data=&#8221;JTdCJTdE&#8221;][\/ucaddon_uc_program_content][ucaddon_uc_program_content title=&#8221;PANEL &#8211; Women in Tech \u2013 Leadership, Inovare \u0219i Diversitate \u00een Industria Tech&#8221; th_de_la=&#8221;12&#8243; th_de_la_min=&#8221;15&#8243; th_pana_la=&#8221;13&#8243; uc_init_settings=&#8221;&#8221; uc_fonts_data=&#8221;JTdCJTdE&#8221;]JTNDcCUzRSVDMyU4RW50ci1vJTIwaW5kdXN0cmllJTIwZG9taW5hdCVDNCU4MyUyMGlzdG9yaWMlMjBkZSUyMGIlQzQlODNyYmElQzglOUJpJTJDJTIwZmVtZWlsZSUyMGRpbiUyMHRlaG5vbG9naWUlMjByZWRlZmluZXNjJTIwc3RhbmRhcmRlbGUlMkMlMjBpbm92ZWF6JUM0JTgzJTIwJUM4JTk5aSUyMGNvbnRyaWJ1aWUlMjBhY3RpdiUyMGxhJTIwZGV6dm9sdGFyZWElMjBlY29zaXN0ZW11bHVpJTIwZGlnaXRhbC4lMjBQYW5lbHVsJTIwJUUyJTgwJTlFV29tZW4lMjBpbiUyMFRlY2glRTIlODAlOUQlMjBhZHVjZSUyMCVDMyVBRW4lMjBwcmltLXBsYW4lMjBwZXJzcGVjdGl2ZWxlJTIwdW5vciUyMGxpZGVyaSUyMGRlJTIwdG9wJTIwZGluJTIwZG9tZW5pdSUyQyUyMGV4cGxvciVDMyVBMm5kJTIwY3VtJTIwZGl2ZXJzaXRhdGVhJTJDJTIwbGVhZGVyc2hpcHVsJTIwJUM4JTk5aSUyMGlub3ZhJUM4JTlCaWElMjBpbmZsdWVuJUM4JTlCZWF6JUM0JTgzJTIwcHJvZ3Jlc3VsJTIwdGVobm9sb2dpYy4lM0MlMkZwJTNFJTNDcCUzRSUzQ3N0cm9uZyUzRVRlbWUlM0ElM0MlMkZzdHJvbmclM0UlM0MlMkZwJTNFJTNDdWwlM0UlM0NsaSUyMGRhdGEtc3RhcnQlM0QlMjI0OTklMjIlMjBkYXRhLWVuZCUzRCUyMjYwOCUyMiUzRSUzQ3N0cm9uZyUyMGRhdGEtc3RhcnQlM0QlMjI1MDElMjIlMjBkYXRhLWVuZCUzRCUyMjUzMSUyMiUzRUxpZGVyaWklMjB2aWl0b3J1bHVpJTIwJUMzJUFFbiUyMHRlY2glM0MlMkZzdHJvbmclM0UlMjAlRTIlODAlOTMlMjBDdW0lMjBwb3QlMjBmZW1laWxlJTIwcyVDNCU4My0lQzglOTlpJTIwYXN1bWUlMjByb2x1cmklMjBkZSUyMGxlYWRlcnNoaXAlMjAlQzMlQUVuJTIwZG9tZW5pdWwlMjB0ZWhub2xvZ2ljJTNGJTNDJTJGbGklM0UlM0NsaSUyMGRhdGEtc3RhcnQlM0QlMjI2MDklMjIlMjBkYXRhLWVuZCUzRCUyMjczOSUyMiUzRSUzQ3N0cm9uZyUyMGRhdGEtc3RhcnQlM0QlMjI2MTElMjIlMjBkYXRhLWVuZCUzRCUyMjYzNiUyMiUzRURpdmVyc2l0eSUyMCUyNmFtcCUzQiUyMEluY2x1c2lvbiUzQyUyRnN0cm9uZyUzRSUyMCVFMiU4MCU5MyUyMERlJTIwY2UlMjBlc3RlJTIwaW1wb3J0YW50JUM0JTgzJTIwZGl2ZXJzaXRhdGVhJTIwJUMzJUFFbiUyMGVjaGlwZWxlJTIwZGUlMjB0ZWhub2xvZ2llJTIwJUM4JTk5aSUyMGN1bSUyMGluZmx1ZW4lQzglOUJlYXolQzQlODMlMjBhY2Vhc3RhJTIwaW5vdmElQzglOUJpYSUzRiUzQyUyRmxpJTNFJTNDbGklMjBkYXRhLXN0YXJ0JTNEJTIyNzQwJTIyJTIwZGF0YS1lbmQlM0QlMjI4NTQlMjIlM0UlM0NzdHJvbmclMjBkYXRhLXN0YXJ0JTNEJTIyNzQyJTIyJTIwZGF0YS1lbmQlM0QlMjI3NzAlMjIlM0VEZSUyMGxhJTIwc3RhcnR1cCUyMGxhJTIwc2NhbGFyZSUzQyUyRnN0cm9uZyUzRSUyMCVFMiU4MCU5MyUyMFByb3ZvYyVDNCU4M3JpbGUlMjBzcGVjaWZpY2UlMjBmb25kYXRvYXJlbG9yJTIwZGUlMjBzdGFydHVwLXVyaSUyMHRlY2glMjAlQzglOTlpJTIwY3VtJTIwcG90JTIwZmklMjBkZXAlQzQlODMlQzglOTlpdGUlM0YlM0MlMkZsaSUzRSUzQ2xpJTIwZGF0YS1zdGFydCUzRCUyMjg1NSUyMiUyMGRhdGEtZW5kJTNEJTIyOTc5JTIyJTNFJTNDc3Ryb25nJTIwZGF0YS1zdGFydCUzRCUyMjg1NyUyMiUyMGRhdGEtZW5kJTNEJTIyOTEwJTIyJTNFQUklMkMlMjB0cmFuc2Zvcm1hcmUlMjBkaWdpdGFsJUM0JTgzJTIwJUM4JTk5aSUyMHZpaXRvcnVsJTIwdGVobm9sb2dpZWklM0MlMkZzdHJvbmclM0UlMjAlRTIlODAlOTMlMjBDdW0lMjBpbmZsdWVuJUM4JTlCZWF6JUM0JTgzJTIwbm9pbGUlMjB0ZWhub2xvZ2lpJTIwcm9sdWwlMjBsaWRlcmlsb3IlMjBkaW4lMjBpbmR1c3RyaWUlM0YlM0MlMkZsaSUzRSUzQ2xpJTIwZGF0YS1zdGFydCUzRCUyMjk4MCUyMiUyMGRhdGEtZW5kJTNEJTIyMTA5OSUyMiUzRSUzQ3N0cm9uZyUyMGRhdGEtc3RhcnQlM0QlMjI5ODIlMjIlMjBkYXRhLWVuZCUzRCUyMjEwMTQlMjIlM0VNZW50b3JhdCUyMCVDOCU5OWklMjByZSVDOCU5QmVsZSUyMGRlJTIwc3Vwb3J0JTNDJTJGc3Ryb25nJTNFJTIwJUUyJTgwJTkzJTIwQ3VtJTIwcG90JTIwZmVtZWlsZSUyMGRpbiUyMHRlY2glMjBzJUM0JTgzJTIwY3JlZXplJTIwdW4lMjBlY29zaXN0ZW0lMjBwdXRlcm5pYyUyMHBlbnRydSUyMG5vaWxlJTIwZ2VuZXJhJUM4JTlCaWklM0YlM0MlMkZsaSUzRSUzQyUyRnVsJTNFJTNDcCUzRSUzQ3N0cm9uZyUzRVNQRUFLRVJJJTNBJTNDJTJGc3Ryb25nJTNFJTNDJTJGcCUzRSUzQ3AlM0UlM0NzdHJvbmclM0VJbGluY2ElMjBQYXVuJTNDJTJGc3Ryb25nJTNFJTIwJUUyJTgwJTkzJTIwRm91bmRlciUyQyUyMEJyYXZ2YSUyMEFuZ2VscyUzQ2JyJTIwJTJGJTNFJTNDc3Ryb25nJTNFQWxleGFuZHJhJTIwUm9hdCVDNCU4MyUzQyUyRnN0cm9uZyUzRSUyMCVFMiU4MCU5MyUyMENvLUZvdW5kZXIlMjAlMjZhbXAlM0IlMjBHcm93dGglMjBIYWNraW5nJTJDJTIwU29mdGxlYWQlM0NiciUyMCUyRiUzRSUzQ3N0cm9uZyUzRU1paGFlbGElMjBPbm9mcmVpJTNDJTJGc3Ryb25nJTNFJTIwJUUyJTgwJTkzJTIwQ0VPJTIwJTI2YW1wJTNCJTIwQ28tRm91bmRlciUyQyUyMEFwb2xsbyUyMEFJJTIwVGVjaG5vbG9naWVzJTNDYnIlMjAlMkYlM0UlM0NzdHJvbmclM0VBbGV4YW5kcmElMjBDZXJuaWFuJTNDJTJGc3Ryb25nJTNFJTIwJUUyJTgwJTkzJTIwTWVtYnJ1JTIwJUMzJUFFbiUyMENvbnNpbGl1bCUyME5hdGlvbmFsJTIwcGVudHJ1JTIwVHJhbnNmb3JtYXJlJTIwRGlnaXRhbCVDNCU4MyUyQyUyMEFEUiUzQ2JyJTIwJTJGJTNFJTNDc3Ryb25nJTNFQ3Jpc3RpbmElMjAlQzglOUFvbmN1JTNDJTJGc3Ryb25nJTNFJTIwJUUyJTgwJTkzJTIwRGlyZWN0b3IlMjByZWdpb25hbCUyMGFsJTIwUm9tYW5pYW4lMjBUZWNoJTIwU3RhcnR1cHMlMjBBc3NvY2lhdGlvbiUyMCUyOFJPVFNBJTI5JTIwJTI2YW1wJTNCJTIwUHJvZ3JhbXMlMjBQYXJ0bmVyJTIwVGVjaGNlbGVyYXRvciUzQ2JyJTIwJTJGJTNFJTNDc3Ryb25nJTNFTGlkaWElMjBDJUMzJUFFcnN0ZSUzQyUyRnN0cm9uZyUzRWklMjAlRTIlODAlOTMlMjBDaGllZiUyMG9mJTIwU3RhZmYlMjAlMjZhbXAlM0IlMjBCdXNpbmVzcyUyMFRyYW5zZm9ybWF0aW9uJTJDJTIwRmludGVjaE9TJTNDJTJGcCUzRSUzQ3AlM0UlM0NlbSUzRVBhbmVsdWwlMjB2YSUyMGZpJTIwbW9kZXJhdCUyMGRlJTIwJTNDc3Ryb25nJTNFQWxleCUyMERhc2MlQzQlODNsdSUzQyUyRnN0cm9uZyUzRSUyMCVFMiU4MCU5MyUyMEVudHJlcHJlbmV1cmlhbCUyMExlYWRlciUyQyUyMEZvdW5kZXIlMjBJbnN0aXR1dGUlM0MlMkZlbSUzRSUzQyUyRnAlM0U=[\/ucaddon_uc_program_content][ucaddon_uc_program_content title=&#8221;SESIUNEA II: Investi\u021bii \u0219i Scaling pentru Startup-uri Tech&#8221; th_de_la=&#8221;13&#8243; th_pana_la=&#8221;14&#8243; uc_init_settings=&#8221;&#8221; uc_fonts_data=&#8221;JTdCJTdE&#8221;]JTNDcCUzRSVDMyU4RW50ci11biUyMHBlaXNhaiUyMHRlaG5vbG9naWMlMjAlQzMlQUVuJTIwY29udGludSVDNCU4MyUyMHNjaGltYmFyZSUyQyUyMGZpbmFuJUM4JTlCYXJlYSUyMCVDOCU5OWklMjBkZXp2b2x0YXJlYSUyMHN0YXJ0dXAtdXJpbG9yJTIwc3VudCUyMGVzZW4lQzglOUJpYWxlJTIwcGVudHJ1JTIwaW5vdmFyZSUyMCVDOCU5OWklMjBwcm9ncmVzLiUyMEFjZWFzdCVDNCU4MyUyMHNlc2l1bmUlMjBhZHVjZSUyMCVDMyVBRW4lMjBwcmltLXBsYW4lMjAlM0NzdHJvbmclMjBkYXRhLXN0YXJ0JTNEJTIyMzI2JTIyJTIwZGF0YS1lbmQlM0QlMjIzNzMlMjIlM0VleHBlciVDOCU5QmklMjAlQzMlQUVuJTIwaW52ZXN0aSVDOCU5QmlpJTJDJTIwZm9uZGF0b3JpJTIwJUM4JTk5aSUyMG1lbnRvcmklM0MlMkZzdHJvbmclM0UlMkMlMjBjYXJlJTIwdm9yJTIwZGlzY3V0YSUyMGRlc3ByZSUyMHN0cmF0ZWdpaWxlJTIwZWZpY2llbnRlJTIwcGVudHJ1JTIwYXRyYWdlcmVhJTIwZmluYW4lQzglOUIlQzQlODNyaWklMkMlMjBtb2RlbGVsZSUyMGRlJTIwc2NhbGFyZSUyMCVDOCU5OWklMjBwcm92b2MlQzQlODNyaWxlJTIwc3BlY2lmaWNlJTIwc3RhcnR1cC11cmlsb3IlMjBkaW4lMjBkb21lbml1bCUyMHRlY2guJTNDJTJGcCUzRSUzQ3AlM0UlM0NzdHJvbmclM0VTUEVBS0VSUyUzQSUzQyUyRnN0cm9uZyUzRSUzQyUyRnAlM0UlM0N1bCUzRSUzQ2xpJTIwZGF0YS1zdGFydCUzRCUyMjAlMjIlMjBkYXRhLWVuZCUzRCUyMjEzOSUyMiUzRSUzQ3AlMjBkYXRhLXN0YXJ0JTNEJTIyMiUyMiUyMGRhdGEtZW5kJTNEJTIyMTM5JTIyJTNFJTNDc3Ryb25nJTIwZGF0YS1zdGFydCUzRCUyMjIlMjIlMjBkYXRhLWVuZCUzRCUyMjIyJTIyJTIwZGF0YS1pcy1vbmx5LW5vZGUlM0QlMjIlMjIlM0VOYXNzaW0lMjBBYnUlMjBSamFsYSUzQyUyRnN0cm9uZyUzRSUyMCVFMiU4MCU5MyUyMEdsb2JhbCUyMFNoYXBlciUyQyUyMFdvcmxkJTIwRWNvbm9taWMlMjBGb3J1bSUzQ2JyJTIwZGF0YS1zdGFydCUzRCUyMjYwJTIyJTIwZGF0YS1lbmQlM0QlMjI2MyUyMiUyMCUyRiUzRSUzQ2VtJTIwZGF0YS1zdGFydCUzRCUyMjY1JTIyJTIwZGF0YS1lbmQlM0QlMjIxMzclMjIlM0VFY29ub21pYSUyMGRpZ2l0YWwlQzQlODMlMjAlQzglOTlpJTIwaW1wYWN0dWwlMjBhY2VzdGVpYSUyMGFzdXByYSUyMHNvY2lldCVDNCU4MyVDOCU5QmlpJTIwJUM4JTk5aSUyMGVjb25vbWllaS4lM0MlMkZlbSUzRSUzQyUyRnAlM0UlM0MlMkZsaSUzRSUzQ2xpJTIwZGF0YS1zdGFydCUzRCUyMjE0MSUyMiUyMGRhdGEtZW5kJTNEJTIyMjc2JTIyJTNFJTNDcCUyMGRhdGEtc3RhcnQlM0QlMjIxNDMlMjIlMjBkYXRhLWVuZCUzRCUyMjI3NiUyMiUzRSUzQ3N0cm9uZyUyMGRhdGEtc3RhcnQlM0QlMjIxNDMlMjIlMjBkYXRhLWVuZCUzRCUyMjE2MCUyMiUyMGRhdGEtaXMtb25seS1ub2RlJTNEJTIyJTIyJTNFQW5kcmVpJTIwRHVkb2l1JTNDJTJGc3Ryb25nJTNFJTIwJUUyJTgwJTkzJTIwQ0VPJTJDJTIwU2VlZEJsaW5rJTNDYnIlMjBkYXRhLXN0YXJ0JTNEJTIyMTc3JTIyJTIwZGF0YS1lbmQlM0QlMjIxODAlMjIlMjAlMkYlM0UlM0NlbSUyMGRhdGEtc3RhcnQlM0QlMjIxODIlMjIlMjBkYXRhLWVuZCUzRCUyMjI3NCUyMiUzRUZpbmFuJUM4JTlCYXJlYSUyMHN0YXJ0dXAtdXJpbG9yJTIwJUUyJTgwJTkzJTIwZGUlMjBsYSUyMHNlZWQlMjBsYSUyMHNjYWxhcmUlMjBwcmluJTIwY3Jvd2RmdW5kaW5nJTIwJUM4JTk5aSUyMGludmVzdGklQzglOUJpaSUyMHByaXZhdGUuJTNDJTJGZW0lM0UlM0MlMkZwJTNFJTNDJTJGbGklM0UlM0NsaSUyMGRhdGEtc3RhcnQlM0QlMjIyNzglMjIlMjBkYXRhLWVuZCUzRCUyMjQwMyUyMiUyMGRhdGEtaXMtbGFzdC1ub2RlJTNEJTIyJTIyJTNFJTNDcCUyMGRhdGEtc3RhcnQlM0QlMjIyODAlMjIlMjBkYXRhLWVuZCUzRCUyMjQwMyUyMiUyMGRhdGEtaXMtbGFzdC1ub2RlJTNEJTIyJTIyJTNFJTNDc3Ryb25nJTIwZGF0YS1zdGFydCUzRCUyMjI4MCUyMiUyMGRhdGEtZW5kJTNEJTIyMjk4JTIyJTIwZGF0YS1pcy1vbmx5LW5vZGUlM0QlMjIlMjIlM0VDb3NtaW4lMjBPY2hpJUM4JTk5b3IlM0MlMkZzdHJvbmclM0UlMjAlRTIlODAlOTMlMjBQYXJ0bmVyJTJDJTIwR2FwTWluZGVyJTNDYnIlMjBkYXRhLXN0YXJ0JTNEJTIyMzE5JTIyJTIwZGF0YS1lbmQlM0QlMjIzMjIlMjIlMjAlMkYlM0UlM0NlbSUyMGRhdGEtc3RhcnQlM0QlMjIzMjQlMjIlMjBkYXRhLWVuZCUzRCUyMjQwMyUyMiUyMGRhdGEtaXMtbGFzdC1ub2RlJTNEJTIyJTIyJTNFSW52ZXN0aSVDOCU5QmlpJTIwJUMzJUFFbiUyMHN0YXJ0dXAtdXJpJTIwdGVjaCUzQSUyMHBlcnNwZWN0aXZlJTIwZGluJTIwZm9uZHVyaWxlJTIwZGUlMjB2ZW50dXJlJTIwY2FwaXRhbC4lM0MlMkZlbSUzRSUzQyUyRnAlM0UlM0MlMkZsaSUzRSUzQyUyRnVsJTNF[\/ucaddon_uc_program_content][ucaddon_uc_program_content title=&#8221;LUNCH BREAK powered by Privileg Catering&#8221; th_de_la=&#8221;14&#8243; th_pana_la=&#8221;14&#8243; th_pana_la_min=&#8221;30&#8243; uc_init_settings=&#8221;&#8221; uc_fonts_data=&#8221;JTdCJTdE&#8221;][\/ucaddon_uc_program_content][ucaddon_uc_program_content title=&#8221;SESIUNEA III: Industria Viitorului: Tehnologie, AI \u0219i Transformare Digital\u0103&#8221; th_de_la=&#8221;14&#8243; th_de_la_min=&#8221;30&#8243; th_pana_la=&#8221;15&#8243; th_pana_la_min=&#8221;45&#8243; uc_init_settings=&#8221;&#8221; uc_fonts_data=&#8221;JTdCJTdE&#8221;]JTNDcCUyMGRhdGEtc3RhcnQlM0QlMjIxOTk5JTIyJTIwZGF0YS1lbmQlM0QlMjIyMzY5JTIyJTNFJTNDZW0lMjBkYXRhLXN0YXJ0JTNEJTIyMTk5OSUyMiUyMGRhdGEtZW5kJTNEJTIyMjM2NyUyMiUzRVRlaG5vbG9naWElMjByZWRlZmluZSVDOCU5OXRlJTIwaW5kdXN0cmlpbGUlMjB0cmFkaSVDOCU5QmlvbmFsZSUyQyUyMGFjY2VsZXIlQzMlQTJuZCUyMGRpZ2l0YWxpemFyZWElMkMlMjBvcHRpbWl6YXJlYSUyMHByb2Nlc2Vsb3IlMjAlQzglOTlpJTIwY3JlYXJlYSUyMHVub3IlMjBub2klMjBtb2RlbGUlMjBkZSUyMGJ1c2luZXNzLiUyMEFjZWFzdCVDNCU4MyUyMHNlc2l1bmUlMjBhZHVjZSUyMCVDMyVBRW1wcmV1biVDNCU4MyUyMGxpZGVyaSUyMGRpbiUyMGRvbWVuaWklMjBjaGVpZSUyMCVFMiU4MCU5MyUyMGVuZXJnaWUlMkMlMjBzZWN1cml0YXRlJTJDJTIwbWVkaWElMkMlMjBmaW50ZWNoJTIwJUM4JTk5aSUyMGluZnJhc3RydWN0dXIlQzQlODMlMjAlRTIlODAlOTMlMjBwZW50cnUlMjBhJTIwZXhwbG9yYSUyMGN1bSUyMGlub3ZhJUM4JTlCaWElMkMlMjBBSSUyQyUyMGNsb3VkJTIwY29tcHV0aW5nJTIwJUM4JTk5aSUyMGF1dG9tYXRpemFyZWElMjB0cmFuc2Zvcm0lQzQlODMlMjBzZWN0b2FyZWxlJTIwZXNlbiVDOCU5QmlhbGUlMjBhbGUlMjBlY29ub21pZWkuJTNDJTJGZW0lM0UlM0MlMkZwJTNFJTNDaDQlMjBkYXRhLXN0YXJ0JTNEJTIyMjM3MSUyMiUyMGRhdGEtZW5kJTNEJTIyMjM5MSUyMiUzRSUzQ3N0cm9uZyUyMGRhdGEtc3RhcnQlM0QlMjIyMzc2JTIyJTIwZGF0YS1lbmQlM0QlMjIyMzg5JTIyJTNFU1BFQUtFUlMlM0ElM0MlMkZzdHJvbmclM0UlM0MlMkZoNCUzRSUzQ3VsJTNFJTNDbGklMjBkYXRhLXN0YXJ0JTNEJTIyNDEyOCUyMiUyMGRhdGEtZW5kJTNEJTIyNDI5MCUyMiUzRSUzQ3AlMjBkYXRhLXN0YXJ0JTNEJTIyNDEzMCUyMiUyMGRhdGEtZW5kJTNEJTIyNDI5MCUyMiUzRSUzQ3N0cm9uZyUyMGRhdGEtc3RhcnQlM0QlMjI0MTMwJTIyJTIwZGF0YS1lbmQlM0QlMjI0MjA1JTIyJTNFQ29yaW5hJTIwU2FuZHUlMjAlRTIlODAlOTMlMjBDYW1wYWlnbiUyMCUyNmFtcCUzQiUyMENhdGVnb3J5JTIwTWFuYWdlciUyQyUyMFNhbXN1bmclMjBFbGVjdHJvbmljcyUyMFJvbWFuaWElM0MlMkZzdHJvbmclM0UlM0NiciUyMGRhdGEtc3RhcnQlM0QlMjI0MjA1JTIyJTIwZGF0YS1lbmQlM0QlMjI0MjA4JTIyJTIwJTJGJTNFJTNDZW0lMjBkYXRhLXN0YXJ0JTNEJTIyNDIxMCUyMiUyMGRhdGEtZW5kJTNEJTIyNDI4OCUyMiUzRUJlbmVmaWNpaWxlJTIwQUklMjAlQzglOTlpJTIwbmV2b2lsZSUyMGNvbnN1bWF0b3JpbG9yJTIwYWJvcmRhdGUlMjBkZSUyMGludGVsaWdlbiVDOCU5QmElMjBhcnRpZmljaWFsJUM0JTgzJTNDJTJGZW0lM0UlM0MlMkZwJTNFJTNDJTJGbGklM0UlM0NsaSUyMGRhdGEtc3RhcnQlM0QlMjI0MjkyJTIyJTIwZGF0YS1lbmQlM0QlMjI0Mzk0JTIyJTNFJTNDcCUyMGRhdGEtc3RhcnQlM0QlMjI0Mjk0JTIyJTIwZGF0YS1lbmQlM0QlMjI0Mzk0JTIyJTNFJTNDc3Ryb25nJTIwZGF0YS1zdGFydCUzRCUyMjQyOTQlMjIlMjBkYXRhLWVuZCUzRCUyMjQzMTQlMjIlM0VEYW4lMjBDcmlzdGVhJTJDJTIwTGVhZCUyMEFJJTIwSW5ub3ZhdGlvbiUyQyUyMEJDUiUzQyUyRnN0cm9uZyUzRSUzQ2JyJTIwZGF0YS1zdGFydCUzRCUyMjQzMTQlMjIlMjBkYXRhLWVuZCUzRCUyMjQzMTclMjIlMjAlMkYlM0UlM0NlbSUyMGRhdGEtc3RhcnQlM0QlMjI0MzE5JTIyJTIwZGF0YS1lbmQlM0QlMjI0MzkyJTIyJTNFRGVtb2NyYXRpemF0aW9uJTIwb2YlMjBBbCUyMGluJTIwQmFua2luZyUzQyUyRmVtJTNFJTNDJTJGcCUzRSUzQyUyRmxpJTNFJTNDbGklMjBkYXRhLXN0YXJ0JTNEJTIyNDM5NiUyMiUyMGRhdGEtZW5kJTNEJTIyNDUxNiUyMiUzRSUzQ3AlMjBkYXRhLXN0YXJ0JTNEJTIyNDM5OCUyMiUyMGRhdGEtZW5kJTNEJTIyNDUxNiUyMiUzRSUzQ3N0cm9uZyUyMGRhdGEtc3RhcnQlM0QlMjI0Mzk4JTIyJTIwZGF0YS1lbmQlM0QlMjI0NDQ3JTIyJTNFTWlyY2VhJTIwVHVkb3IlMjAlRTIlODAlOTMlMjBGb3VuZGVyJTIwJTI2YW1wJTNCJTIwQ0VPJTJDJTIwVHVkb3IlMjBTY2FuJTIwVGVjaCUzQyUyRnN0cm9uZyUzRSUzQ2JyJTIwZGF0YS1zdGFydCUzRCUyMjQ0NDclMjIlMjBkYXRhLWVuZCUzRCUyMjQ0NTAlMjIlMjAlMkYlM0UlM0NlbSUyMGRhdGEtc3RhcnQlM0QlMjI0NDUyJTIyJTIwZGF0YS1lbmQlM0QlMjI0NTE0JTIyJTNFSW5vdmElQzglOUJpZSUyMCVDMyVBRW4lMjBzZWN1cml0YXRlYSUyMGluZHVzdHJpYWwlQzQlODMlMjAlQzglOTlpJTIwdGVobm9sb2dpYSUyMGRlJTIwc2NhbmFyZSUzQyUyRmVtJTNFJTNDJTJGcCUzRSUzQyUyRmxpJTNFJTNDbGklMjBkYXRhLXN0YXJ0JTNEJTIyNDUxOCUyMiUyMGRhdGEtZW5kJTNEJTIyNDYzNiUyMiUzRSUzQ3AlMjBkYXRhLXN0YXJ0JTNEJTIyNDUyMCUyMiUyMGRhdGEtZW5kJTNEJTIyNDYzNiUyMiUzRSUzQ3N0cm9uZyUyMGRhdGEtc3RhcnQlM0QlMjI0NTIwJTIyJTIwZGF0YS1lbmQlM0QlMjI0NTY3JTIyJTNFUiVDNCU4M3p2YW4lMjBQcmVkdWNoaW4lMjAlRTIlODAlOTMlMjBDby1mb25kYXRvciUyQyUyMEV4cGFuZCUyMExhYnMlM0MlMkZzdHJvbmclM0UlM0NiciUyMGRhdGEtc3RhcnQlM0QlMjI0NTY3JTIyJTIwZGF0YS1lbmQlM0QlMjI0NTcwJTIyJTIwJTJGJTNFJTNDZW0lMjBkYXRhLXN0YXJ0JTNEJTIyNDU3MiUyMiUyMGRhdGEtZW5kJTNEJTIyNDYzNCUyMiUzRURlJTIwbGElMjBjb25jZXB0JTIwbGElMjBwcm9kdXMlMjAlRTIlODAlOTMlMjBjdW0lMjBzY2FsZXppJTIwbyUyMGlub3ZhJUM4JTlCaWUlMjB0ZWhub2xvZ2ljJUM0JTgzJTNDJTJGZW0lM0UlM0MlMkZwJTNFJTNDJTJGbGklM0UlM0NsaSUyMGRhdGEtc3RhcnQlM0QlMjI0NjM4JTIyJTIwZGF0YS1lbmQlM0QlMjI0NzU3JTIyJTNFJTNDcCUyMGRhdGEtc3RhcnQlM0QlMjI0NjQwJTIyJTIwZGF0YS1lbmQlM0QlMjI0NzU3JTIyJTNFJTNDc3Ryb25nJTIwZGF0YS1zdGFydCUzRCUyMjQ2NDAlMjIlMjBkYXRhLWVuZCUzRCUyMjQ2ODAlMjIlM0VDcmlzdGklMjBPciVDNCU4MyVDNSU5RmFudSUyMCVFMiU4MCU5MyUyMENvZm9uZGF0b3IlMkMlMjBOYXJhdGl4JTNDJTJGc3Ryb25nJTNFJTNDYnIlMjBkYXRhLXN0YXJ0JTNEJTIyNDY4MCUyMiUyMGRhdGEtZW5kJTNEJTIyNDY4MyUyMiUyMCUyRiUzRSUzQ2VtJTIwZGF0YS1zdGFydCUzRCUyMjQ2ODUlMjIlMjBkYXRhLWVuZCUzRCUyMjQ3NTUlMjIlM0VWaWl0b3J1bCUyMHBsYXRmb3JtZWxvciUyMGRpZ2l0YWxlJTIwJUM4JTk5aSUyMG9wb3J0dW5pdCVDNCU4MyVDOCU5QmlsZSUyMHBlbnRydSUyMGFudHJlcHJlbm9yaSUzQyUyRmVtJTNFJTNDJTJGcCUzRSUzQyUyRmxpJTNFJTNDJTJGdWwlM0U=[\/ucaddon_uc_program_content][ucaddon_uc_program_content title=&#8221;Refined Bites Powered by PRIVILEG Catering&#8221; th_de_la=&#8221;15&#8243; th_de_la_min=&#8221;45&#8243; th_pana_la=&#8221;16&#8243; th_pana_la_min=&#8221;15&#8243; uc_fonts_data=&#8221;JTdCJTdE&#8221;]JTNDcCUzRUZvb2QlMjBmb3IlMjB0aG91Z2h0JTIwJTI2YW1wJTNCJTIwSWRlYSUyMHNoYXJpbmclM0MlMkZwJTNF[\/ucaddon_uc_program_content][\/vc_column][\/vc_row][vc_row][vc_column][\/vc_column][\/vc_row]<\/p>\n","protected":false},"excerpt":{"rendered":"<p>[vc_row][vc_column][vc_column_text]Viitorul apar\u021bine celor care inoveaz\u0103. Diferen\u021ba dintre un lider \u0219i un follower nu st\u0103 doar \u00een viziune, ci \u0219i \u00een capacitatea de a transforma ideile \u00een realitate. \u00centr-o lume digitalizat\u0103, companiile care \u00eendr\u0103znesc s\u0103 inoveze, indiferent de industrie, sunt cele care definesc regulile \u0219i \u00ee\u0219i asigur\u0103 succesul pe termen lung. Biz Innovation Forum este evenimentul [&hellip;]<\/p>\n","protected":false},"author":2,"featured_media":0,"parent":0,"menu_order":0,"comment_status":"closed","ping_status":"closed","template":"template-program.php","meta":{"footnotes":""},"class_list":["post-172","page","type-page","status-publish","hentry"],"_links":{"self":[{"href":"https:\/\/bizinnovationforum.ro\/2025\/wp-json\/wp\/v2\/pages\/172","targetHints":{"allow":["GET"]}}],"collection":[{"href":"https:\/\/bizinnovationforum.ro\/2025\/wp-json\/wp\/v2\/pages"}],"about":[{"href":"https:\/\/bizinnovationforum.ro\/2025\/wp-json\/wp\/v2\/types\/page"}],"author":[{"embeddable":true,"href":"https:\/\/bizinnovationforum.ro\/2025\/wp-json\/wp\/v2\/users\/2"}],"replies":[{"embeddable":true,"href":"https:\/\/bizinnovationforum.ro\/2025\/wp-json\/wp\/v2\/comments?post=172"}],"version-history":[{"count":134,"href":"https:\/\/bizinnovationforum.ro\/2025\/wp-json\/wp\/v2\/pages\/172\/revisions"}],"predecessor-version":[{"id":2257,"href":"https:\/\/bizinnovationforum.ro\/2025\/wp-json\/wp\/v2\/pages\/172\/revisions\/2257"}],"wp:attachment":[{"href":"https:\/\/bizinnovationforum.ro\/2025\/wp-json\/wp\/v2\/media?parent=172"}],"curies":[{"name":"wp","href":"https:\/\/api.w.org\/{rel}","templated":true}]}}