{"id":194,"date":"2014-09-25T11:02:06","date_gmt":"2014-09-25T09:02:06","guid":{"rendered":"http:\/\/revistabiz.ro\/innovationforum2017\/?page_id=194"},"modified":"2024-03-11T13:52:02","modified_gmt":"2024-03-11T11:52:02","slug":"inscriere","status":"publish","type":"page","link":"https:\/\/bizinnovationforum.ro\/2024\/inscriere\/","title":{"rendered":"\u00censcriere"},"content":{"rendered":"<p>[vc_row][vc_column][vc_column_text]<\/p>\n<p>&nbsp;<\/p>\n<p>[\/vc_column_text][\/vc_column][\/vc_row][vc_row][vc_column][\/vc_column][\/vc_row][vc_row][vc_column][vc_column_text]<strong>Evenimentul se desf\u0103\u0219oar\u0103 doar cu participare \u00een sal\u0103.<\/strong><\/p>\n<p>Loc de desf\u0103\u0219urare al evenimentului: INTERCONTINENTAL ATHENEE PALACE BUCHAREST, Strada Episcopiei 1-3, Bucure\u0219ti 010292<\/p>\n<p>Taxa de participare \u00een sal\u0103 este 55 euro + TVA.<\/p>\n<p>Pentru plata prin transfer bancar v\u0103 rug\u0103m s\u0103 trimite\u021bi un email la adresa <a href=\"mailto:andreea.toma@revistabiz.ro\">andreea.toma@revistabiz.ro<\/a> al\u0103turi de num\u0103rul de participan\u021bi, compania pe care o reprezint\u0103 \u0219i datele de facturare.[\/vc_column_text][vc_raw_html]JTNDaGVtZS1vcmRlci1lbWJlZCUyMGV2ZW50LWlkJTNEJTIyb01MLktSJTIyJTNFJTNDJTJGaGVtZS1vcmRlci1lbWJlZCUzRSUwQSUzQ3NjcmlwdCUyMHNyYyUzRCUyMmh0dHBzJTNBJTJGJTJGaGVtZS5ybyUyRmpzJTJGd2lkZ2V0cyUyRmhlbWUtZW1iZWQuanMlMjIlM0UlM0MlMkZzY3JpcHQlM0U=[\/vc_raw_html][\/vc_column][\/vc_row][vc_row][vc_column][vc_column_text]YouTube Channel Revista Biz\u00a0<strong><a href=\"https:\/\/www.youtube.com\/@GandesteBiz\">@GandesteBiz<\/a><br \/>\n<\/strong>Linkedin Channel\u00a0<strong><a href=\"https:\/\/www.linkedin.com\/company\/revistabiz\">Revista Biz<\/a><\/strong><\/p>\n<p>Vezi cu cine te \u00eent\u00e2lne\u0219ti <a href=\"https:\/\/www.facebook.com\/events\/1776352392869673\">Facebook event<\/a><\/p>\n<p>Pentru mai multe detalii ne pute\u021bi scrie la: <a href=\"mailto:events@revistabiz.ro\">events@revistabiz.ro<\/a><\/p>\n<p>\u00ce\u021bi multumim!<\/p>\n<p>Echipa Biz[\/vc_column_text][\/vc_column][\/vc_row]<\/p>\n","protected":false},"excerpt":{"rendered":"<p>[vc_row][vc_column][vc_column_text] &nbsp; [\/vc_column_text][\/vc_column][\/vc_row][vc_row][vc_column][\/vc_column][\/vc_row][vc_row][vc_column][vc_column_text]Evenimentul se desf\u0103\u0219oar\u0103 doar cu participare \u00een sal\u0103. Loc de desf\u0103\u0219urare al evenimentului: INTERCONTINENTAL ATHENEE PALACE BUCHAREST, Strada Episcopiei 1-3, Bucure\u0219ti 010292 Taxa de participare \u00een sal\u0103 este 55 euro + TVA. Pentru plata prin transfer bancar v\u0103 rug\u0103m s\u0103 trimite\u021bi un email la adresa andreea.toma@revistabiz.ro al\u0103turi de num\u0103rul de participan\u021bi, compania pe [&hellip;]<\/p>\n","protected":false},"author":2,"featured_media":0,"parent":0,"menu_order":0,"comment_status":"closed","ping_status":"closed","template":"","meta":{"footnotes":""},"class_list":["post-194","page","type-page","status-publish","hentry"],"_links":{"self":[{"href":"https:\/\/bizinnovationforum.ro\/2024\/wp-json\/wp\/v2\/pages\/194","targetHints":{"allow":["GET"]}}],"collection":[{"href":"https:\/\/bizinnovationforum.ro\/2024\/wp-json\/wp\/v2\/pages"}],"about":[{"href":"https:\/\/bizinnovationforum.ro\/2024\/wp-json\/wp\/v2\/types\/page"}],"author":[{"embeddable":true,"href":"https:\/\/bizinnovationforum.ro\/2024\/wp-json\/wp\/v2\/users\/2"}],"replies":[{"embeddable":true,"href":"https:\/\/bizinnovationforum.ro\/2024\/wp-json\/wp\/v2\/comments?post=194"}],"version-history":[{"count":28,"href":"https:\/\/bizinnovationforum.ro\/2024\/wp-json\/wp\/v2\/pages\/194\/revisions"}],"predecessor-version":[{"id":2073,"href":"https:\/\/bizinnovationforum.ro\/2024\/wp-json\/wp\/v2\/pages\/194\/revisions\/2073"}],"wp:attachment":[{"href":"https:\/\/bizinnovationforum.ro\/2024\/wp-json\/wp\/v2\/media?parent=194"}],"curies":[{"name":"wp","href":"https:\/\/api.w.org\/{rel}","templated":true}]}}