{"id":180,"date":"2014-09-25T09:33:23","date_gmt":"2014-09-25T07:33:23","guid":{"rendered":"http:\/\/revistabiz.ro\/innovationforum2017\/?page_id=180"},"modified":"2019-03-03T16:54:36","modified_gmt":"2019-03-03T14:54:36","slug":"contact","status":"publish","type":"page","link":"https:\/\/bizinnovationforum.ro\/2024\/contact\/","title":{"rendered":"Contact"},"content":{"rendered":"<p>[vc_row][vc_column][vc_column_text]<\/p>\n<h2><a href=\"http:\/\/www.revistabiz.ro\" target=\"_blank\" rel=\"noopener noreferrer\">Revista BIZ<\/a><\/h2>\n<p><strong>Adresa\u00a0<\/strong> Calea \u0218erban Vod\u0103 213-217 , Complex Diamond Park, Tronson 1<\/p>\n<p><strong>Telefon\u00a0<\/strong> 0723443150<\/p>\n<p><strong>Contact Marketing<\/strong><\/p>\n<p>Lelia Petrescu:\u00a0<a href=\"mailto:lelia.petrescu@revistabiz.ro\">lelia.petrescu@revistabiz.ro<\/a><\/p>\n<p><strong>Innovation Forum\u00a0 este un eveniment Biz Agency<\/strong><\/p>\n<p>Business-ul Biz Agency \u00eenglobeaz\u0103\u00a0<strong>revista Biz<\/strong>,\u00a0<strong>Biz Events<\/strong>\u00a0\u2013 o divizie puternic\u0103 de organizare evenimente \u0219i conferin\u021be,\u00a0<strong>Biz Story<\/strong>\u00a0\u2013 servicii de content marketing pentru clien\u021bi,\u00a0<strong>Biz Market View<\/strong>\u00a0\u2013 o divizie dedicat\u0103 studiilor de pia\u021b\u0103 \u0219i\u00a0<strong>portalul online<\/strong>\u00a0<a href=\"http:\/\/www.revistabiz.ro\/\"><strong>revistabiz.ro<\/strong><\/a>.<\/p>\n<p>Biz este brandul care reune\u0219te o comunitate puternic\u0103 de oameni de afaceri, at\u00e2t online, c\u00e2t \u0219i offline.<\/p>\n<p><strong>Revista Biz<\/strong><\/p>\n<p>Este o voce original\u0103 \u0219i profesionist\u0103 a presei de business rom\u00e2ne\u0219ti. O revist\u0103 deschiz\u0103toare de drumuri, cu proiecte editoriale care aduc valoare cititorilor \u0219i comunit\u0103\u021bilor de business.<\/p>\n<p>Jurnali\u0219tii revistei au lansat campanii puternice de con\u0219tientizare a valorilor rom\u00e2ne\u0219ti (Sus\u021binem inova\u021bia, Sunt un \u021b\u0103ran) sau proiecte unice \u00een lume precum Biz CEO Xchange sau Biz Marketing Xchange, provocarea prin care cei mai importan\u021bi CEO sau directori de marketing din Romania \u00ee\u0219i schimb\u0103, pentru o zi, compania \u00een care lucreaz\u0103. O alt\u0103 inova\u021bie este Biz World, proiectul laureat cu Red Dot Design Award, edi\u021bii ale revistei realizate integral peste hotarele \u021b\u0103rii, \u00een Belgia, Anglia, SUA, Germania, Singapore, Austria, Fran\u021ba \u0219i Japonia.<\/p>\n<p><strong>Biz Events<\/strong><\/p>\n<p>Divizia organizeaz\u0103 anual zeci de conferinte de business \u0219i evenimente corporate\u00a0 sau gale, transmi\u021b\u00e2nd con\u021binut relevant \u00een formate inovatoare \u0219i atractive pentru publicurile \u021bint\u0103.<\/p>\n<p>De 16 ani, echipa Biz organizeaz\u0103 puternice evenimente de afaceri \u00een 9 ora\u0219e din \u021bar\u0103 \u0219i 8 capitale din lume, de pe 3 continente.<\/p>\n<p><strong>Biz Market View<\/strong><\/p>\n<p>Divizia de market research s-a impus prin realizarea unor importante studii \u0219i topuri \u00een parteneriat cu agen\u021bii de research, pe cele mai importante domenii de activitate din Rom\u00e2nia: Top 50 companii performante, Anuarul directorilor de marketing, Top 20 companii IT pentru care merit\u0103 s\u0103 lucrezi, Topul agen\u021biilor de PR din Rom\u00e2nia, Brand Ro sau BizTech.<\/p>\n<p><strong>Biz Story<\/strong><\/p>\n<p>Cu peste 20 de ani de experien\u021b\u0103 \u00een jurnalism, echipa diviziei de servicii de content marketing pentru clien\u021bi \u0219tie s\u0103 spun\u0103 acele pove\u0219ti pe care cititorii s\u0103 le savureze \u0219i \u00een care brandurile s\u0103 se reg\u0103seasc\u0103. Con\u021binutul g\u00e2ndit \u0219i implementat de echipa de creatori de con\u021binut transmite valorile \u0219i mesajele brandului \u00een format creativ \u00een online \u0219i offline. Divizia transform\u0103 mesajele corporate sau de marketing \u00eentr-o poveste valoroas\u0103 din punct de vedere al formei \u0219i con\u021binutului, pun\u00e2nd la dispozi\u021bia brandurilor toate platformele de comunicare Biz Agency.[\/vc_column_text][\/vc_column][\/vc_row]<\/p>\n","protected":false},"excerpt":{"rendered":"<p>[vc_row][vc_column][vc_column_text] Revista BIZ Adresa\u00a0 Calea \u0218erban Vod\u0103 213-217 , Complex Diamond Park, Tronson 1 Telefon\u00a0 0723443150 Contact Marketing Lelia Petrescu:\u00a0lelia.petrescu@revistabiz.ro Innovation Forum\u00a0 este un eveniment Biz Agency Business-ul Biz Agency \u00eenglobeaz\u0103\u00a0revista Biz,\u00a0Biz Events\u00a0\u2013 o divizie puternic\u0103 de organizare evenimente \u0219i conferin\u021be,\u00a0Biz Story\u00a0\u2013 servicii de content marketing pentru clien\u021bi,\u00a0Biz Market View\u00a0\u2013 o divizie dedicat\u0103 studiilor de [&hellip;]<\/p>\n","protected":false},"author":2,"featured_media":0,"parent":0,"menu_order":0,"comment_status":"closed","ping_status":"closed","template":"","meta":{"footnotes":""},"class_list":["post-180","page","type-page","status-publish","hentry"],"_links":{"self":[{"href":"https:\/\/bizinnovationforum.ro\/2024\/wp-json\/wp\/v2\/pages\/180","targetHints":{"allow":["GET"]}}],"collection":[{"href":"https:\/\/bizinnovationforum.ro\/2024\/wp-json\/wp\/v2\/pages"}],"about":[{"href":"https:\/\/bizinnovationforum.ro\/2024\/wp-json\/wp\/v2\/types\/page"}],"author":[{"embeddable":true,"href":"https:\/\/bizinnovationforum.ro\/2024\/wp-json\/wp\/v2\/users\/2"}],"replies":[{"embeddable":true,"href":"https:\/\/bizinnovationforum.ro\/2024\/wp-json\/wp\/v2\/comments?post=180"}],"version-history":[{"count":4,"href":"https:\/\/bizinnovationforum.ro\/2024\/wp-json\/wp\/v2\/pages\/180\/revisions"}],"predecessor-version":[{"id":1449,"href":"https:\/\/bizinnovationforum.ro\/2024\/wp-json\/wp\/v2\/pages\/180\/revisions\/1449"}],"wp:attachment":[{"href":"https:\/\/bizinnovationforum.ro\/2024\/wp-json\/wp\/v2\/media?parent=180"}],"curies":[{"name":"wp","href":"https:\/\/api.w.org\/{rel}","templated":true}]}}