{"id":172,"date":"2024-01-29T00:00:29","date_gmt":"2024-01-28T22:00:29","guid":{"rendered":"http:\/\/revistabiz.ro\/innovationforum2017\/?page_id=172"},"modified":"2024-03-14T14:21:48","modified_gmt":"2024-03-14T12:21:48","slug":"program","status":"publish","type":"page","link":"https:\/\/bizinnovationforum.ro\/2024\/program\/","title":{"rendered":"Program"},"content":{"rendered":"<p>[vc_row][vc_column][vc_column_text]Viziunea este cea care duce businessul la urm\u0103torul nivel, iar inova\u021bia face diferen\u021ba \u00eentre un lider \u0219i un follower \u00een orice domeniu. Organiza\u021biile care \u00eembr\u0103\u021bi\u0219eaz\u0103 \u0219i pun \u00een aplicare ideile inovatoare se distan\u021beaz\u0103 de pluton \u0219i dicteaz\u0103 regulile \u00eentr-o economie tot mai digitalizat\u0103. Inova\u021bia pe toate palierele, de la nivel de produs \u0219i servicii, la marketing \u0219i chiar la resurse umane, devine ingredientul esen\u021bial pentru succes \u00een businessul actual.<\/p>\n<p>Vino s\u0103 vezi viitorul businessului \u0219i businessurile de viitor la evenimentul dedicat inovatorilor, de la startup-uri agile, la corpora\u021bii care investesc \u00een cercetare-dezvoltare dar \u0219i \u00een procese de afaceri implementate \u00een premier\u0103. Nu exist\u0103 business de succes f\u0103r\u0103 inova\u021bie![\/vc_column_text][\/vc_column][\/vc_row][vc_row][vc_column][ucaddon_uc_program_content title=&#8221;\u00cenregistrare participan\u021bi&#8221; th_de_la=&#8221;9&#8243; th_de_la_min=&#8221;30&#8243; uc_fonts_data=&#8221;JTdCJTdE&#8221;]JTNDcCUzRVJFQ0VQJUM4JTlBSUElMjBQQVJUSUNJUEFOJUM4JTlBSUxPUiUzQyUyRnAlM0U=[\/ucaddon_uc_program_content][ucaddon_uc_program_content title=&#8221;SESIUNEA I: HOW LEADERS INNOVATE&#8221; th_de_la=&#8221;10&#8243; th_pana_la=&#8221;11&#8243; th_pana_la_min=&#8221;30&#8243; uc_init_settings=&#8221;&#8221; uc_fonts_data=&#8221;JTdCJTdE&#8221;]JTNDcCUzRUVzdGUlMjBtb3RvcnVsJTIwY29tcGFuaWlsb3IlMjBkZSUyMHN1Y2NlcyUyMGRlJTIwb3JpY2UlMjBkaW1lbnNpdW5pJTJDJTIwZGUlMjBsYSUyMGNvcnBvcmElQzglOUJpaSUyMGNvbmR1c2UlMjBkZSUyMG1hbmFnZXJpJTIwdml6aW9uYXJpJTJDJTIwbGElMjBjb21wYW5paSUyMG1pY2klMjAlQzglOTlpJTIwc3RhcnR1cC11cmklMjBjYXJlJTIwcG90JTIwcHJvZml0YSUyMGRlJTIwZmxleGliaWxpdGF0ZWElMjBsb3IlMjBwZW50cnUlMjBhJTIwZmklMjBtZXJldSUyMCVDMyVBRW4lMjBmcnVudGVhJTIwdmFsdWx1aSUyMGRlJTIwbm9pJTIwdGVobm9sb2dpaS4lMjBEYXIlMjBpbm92YSVDOCU5QmlhJTIwbnUlMjBwcmVzdXB1bmUlMjBkb2FyJTIwY3JlYXRpdml0YXRlJTIwJUM4JTk5aSUyMGRlc2NoaWRlcmUlMjBsYSUyMG5vdSUyQyUyMGNpJTIwJUM4JTk5aSUyMGRpc2NpcGxpbiVDNCU4MyUyMCVDMyVBRW4lMjBpbXBsZW1lbnRhcmUlMkMlMjBwcmVjdW0lMjAlQzglOTlpJTIwbyUyMG5vdSVDNCU4MyUyMHZpeml1bmUlMjBsYSUyMG5pdmVsJTIwZGUlMjBsZWFkZXJzaGlwLiUyMEN1bSUyMHJldSVDOCU5OWVzYyUyMGNvbXBhbmlpbGUlMjBzJUM0JTgzJTIwc3RpbXVsZXplJTIwJUM4JTk5aSUyMGFwb2klMjBzJUM0JTgzJTIwaW1wbGVtZW50ZXplJTIwY3UlMjBzdWNjZXMlMjBpbm92YSVDOCU5QmlpbGUlMjBjYXJlJTIwc2NoaW1iJUM0JTgzJTIwbHVtZWEuJTNDJTJGcCUzRSUzQ3VsJTNFJTNDbGklM0VMRUFERVJTSElQJTIwRk9SJTIwVEhFJTIwRlVUVVJFLiUyMEN1bSUyMGFyYXQlQzQlODMlMjBsaWRlcmlpJTIwY2FyZSUyMGNyZWVheiVDNCU4MyUyMHZpaXRvcnVsLiUzQyUyRmxpJTNFJTNDbGklM0VESUdJVEFMJTIwVFJBTlNGT1JNQVRJT04uJTIwQyVDMyVBMnQlMjBkZSUyMGRpZ2l0YWxpemF0JUM0JTgzJTIwZXN0ZSUyMGNvbXBhbmlhJTIwdGElM0YlM0MlMkZsaSUzRSUzQ2xpJTNFSU5OT1ZBVEUlMjBGUk9NJTIwQU5ZV0hFUkUuJTIwQ3VtJTIwaW5vdmV6aSUyMCVDMyVBRW4lMjBlY2hpcCVDNCU4MyUyMCVDMyVBRW4lMjBlcmElMjByZW1vdGUlMjB3b3JrLiUzQyUyRmxpJTNFJTNDbGklM0VCVUlMRElORyUyMEElMjBDVUxUVVJFJTIwT0YlMjBJTk5PVkFUSU9OLiUyMEN1bSUyMGNyZWV6aSUyMHVuJTIwbWVkaXUlMjBwcm9waWNlJTIwcGVudHJ1JTIwYXBhcmklQzglOUJpYSUyMGRlJTIwaWRlaSUyMGlub3ZhdG9hcmUuJTNDJTJGbGklM0UlM0NsaSUzRURFU0lHTiUyMFRISU5LSU5HLiUyMFJlem9sdmFyZWElMjBwcm9ibGVtZWxvciUyMGNvbXBsZXhlJTIwcHJpbnRyLW8lMjBhYm9yZGFyZSUyMGRpZmVyaXQlQzQlODMuJTNDJTJGbGklM0UlM0NsaSUzRUZVVFVSRS1QUk9PRklORyUyMFlPVVIlMjBCVVNJTkVTUy4lMjBDdW0lMjBwcmVnJUM0JTgzdGUlQzglOTl0aSUyMG9yZ2FuaXphJUM4JTlCaWElMjBwZW50cnUlMjBhJTIwZmFjZSUyMGZhJUM4JTlCJUM0JTgzJTIwc2NoaW1iJUM0JTgzcmlsb3IlMjByYXBpZGUlMjBhZHVzZSUyMGRlJTIwdGVobm9sb2dpZSUzQyUyRmxpJTNFJTNDbGklM0VCVVNJTkVTUyUyMElOVEVMTElHRU5DRS4lM0MlMkZsaSUzRSUzQyUyRnVsJTNFJTNDcCUzRSUzQ3N0cm9uZyUzRVNQRUFLRVJTJTNDJTJGc3Ryb25nJTNFJTNDJTJGcCUzRSUzQ3AlM0UlM0NzdHJvbmclM0VCb2dkYW4lMjAlQzglOUF1cmNhbnUlM0MlMkZzdHJvbmclM0UlMkMlMjBIZWFkJTIwb2YlMjBNYXJrZXRpbmclMkMlMjBQUk8lMjBUViUzQ2JyJTIwJTJGJTNFJTNDc3Ryb25nJTNFR2FicmllbGElMjBMdXBhJUM4JTk5LSVDOCU5QWljdSUzQyUyRnN0cm9uZyUzRSUyQyUyMENoaWVmJTIwQ3VzdG9tZXIlMjBPZmZpY2VyJTJDJTIwTk4lMjBSb20lQzMlQTJuaWElMjAlM0NiciUyMCUyRiUzRSUzQ3N0cm9uZyUzRUVtbWElMjBaZWljZXNjdSUzQyUyRnN0cm9uZyUzRSUyQyUyMERpcmVjdG9yJTIwQ29tbXVuaWNhdGlvbnMlMkMlMjBQaGlsaXAlMjBNb3JyaXMlMjBSb20lQzMlQTJuaWElM0NiciUyMCUyRiUzRSUzQ3N0cm9uZyUzRUFsZXhhbmRydSUyMFQlQzQlODNuYXMlQzQlODMlM0MlMkZzdHJvbmclM0UlMkMlMjBEaWdpdGFsJTIwQnVzaW5lc3MlMjBBZHZpc29yJTJDJTIwQVJHR08lM0NiciUyMCUyRiUzRSUzQ3N0cm9uZyUzRUdhYnJpZWxhJTIwTmlzdG9yJTNDJTJGc3Ryb25nJTNFJTJDJTIwQ0VPJTJDJTIwU2FsdCUyMEJhbmslM0NiciUyMCUyRiUzRSUzQ3N0cm9uZyUzRU1paGFpJTIwRmlsaXAlM0MlMkZzdHJvbmclM0UlMkMlMjBDRU8lMkMlMjBPVkVTJTIwRW50ZXJwcmlzZSUzQyUyRnAlM0U=[\/ucaddon_uc_program_content][ucaddon_uc_program_content title=&#8221;SESIUNEA II: NEW AGE AI&#8221; th_de_la=&#8221;11&#8243; th_de_la_min=&#8221;30&#8243; th_pana_la=&#8221;12&#8243; th_pana_la_min=&#8221;15&#8243; uc_init_settings=&#8221;&#8221; uc_fonts_data=&#8221;JTdCJTdE&#8221;]JTNDcCUzRVJldm9sdSVDOCU5QmlhJTIwQUklMjBlc3RlJTIwJUMzJUFFbiUyMHBsaW4lQzQlODMlMjBkZXNmJUM0JTgzJUM4JTk5dXJhcmUlMjAlQzglOTlpJTIwaW1wYWN0dWwlMjBzJUM0JTgzdSUyMGxhJTIwdG9hdGUlMjBuaXZlbHVyaWxlJTIwdmElMjBmaSUyMHRyYW5zZm9ybWElQzglOUJpb25hbC4lMjBJYXIlMjBjZWwlMjBtYWklMjB1JUM4JTk5b3IlMjBtb2QlMjBkZSUyMGElMjBwcmV6aWNlJTIwdmlpdG9ydWwlMjBlc3RlJTIwcyVDNCU4My1sJTIwY3JlZXppLiUyMFZpbm8lMjBzJUM0JTgzJTIwY3VubyVDOCU5OXRpJTIwaW5vdmF0b3JpaSUyMGNhcmUlMjBmb2xvc2VzYyUyMGRlamElMjBjdSUyMGludGVsaWdlbiVDOCU5QmElMjBhcnRpZmljaWFsJUM0JTgzJTIwcGVudHJ1JTIwYSUyMHNjaGltYmElMjBmZWx1bCUyMCVDMyVBRW4lMjBjYXJlJTIwZyVDMyVBMm5kaW0lMkMlMjBpbXBsZW1lbnQlQzQlODNtJTIwJUM4JTk5aSUyMGRlenZvbHQlQzQlODNtJTIwYnVzaW5lc3N1cmlsZS4lM0MlMkZwJTNFJTNDdWwlM0UlM0NsaSUzRUFEVkFOQ0VEJTIwQVJUSUZJQ0lBTCUyMElOVEVMTElHRU5DRS4lMjBDdW0lMjBhcmF0JUM0JTgzJTIwdmlpdG9ydWwlMjBBSSUzRiUzQyUyRmxpJTNFJTNDbGklM0VBUlRJRklDSUFMJTIwSU5URUxMSUdFTkNFJTIwSU4lMjBUSEUlMjBSRUFMJTIwV09STEQuJTIwU29sdSVDOCU5QmlpJTIwZGUlMjBpbnRlbGlnZW4lQzglOUIlQzQlODMlMjBhcnRpZmljaWFsJUM0JTgzJTIwcGVudHJ1JTIwY29tcGFuaWElMjB0YS4lM0MlMkZsaSUzRSUzQyUyRnVsJTNFJTNDcCUzRSUzQ3N0cm9uZyUzRVNQRUFLRVJTJTNDJTJGc3Ryb25nJTNFJTNDJTJGcCUzRSUzQ3AlM0UlM0NzdHJvbmclM0VDb3JpbmElMjBTYW5kdSUzQyUyRnN0cm9uZyUzRSUyQyUyMENhbXBhaWduJTIwJTI2YW1wJTNCJTIwQ2F0ZWdvcmllcyUyME1hbmFnZXIlMkMlMjBTYW1zdW5nJTIwUm9tJUMzJUEybmlhJTNDYnIlMjAlMkYlM0UlM0NzdHJvbmclM0VCb2dkYW4lMjBOJUM0JTgzZm9ybmklQzglOUIlQzQlODMlM0MlMkZzdHJvbmclM0UlMkMlMjBDRU8lMjAlMjZhbXAlM0IlMjBDb2ZvbmRhdG9yJTJDJTIwUHJvZmx1byUzQ2JyJTIwJTJGJTNFJTNDc3Ryb25nJTNFV2lsbGlhbSUyMEJlbnRoYWxsJTNDJTJGc3Ryb25nJTNFJTJDJTIwR2xvYmFsJTIwR292ZXJubWVudCUyMFJlbGF0aW9ucyUyMERpcmVjdG9yJTJDJTIwR2xvdm8lM0MlMkZwJTNFJTNDcCUzRSUzQ2VtJTNFU2Vzc2lvbiUyMHBvd2VyZWQlMjBieSUyMCUzQ3N0cm9uZyUzRVNBTVNVTkclM0MlMkZzdHJvbmclM0UlM0NiciUyMCUyRiUzRSUzQyUyRmVtJTNFJTNDJTJGcCUzRQ==[\/ucaddon_uc_program_content][ucaddon_uc_program_content title=&#8221;COFFEE BREAK&#8221; th_de_la=&#8221;12&#8243; th_de_la_min=&#8221;15&#8243; th_pana_la=&#8221;12&#8243; th_pana_la_min=&#8221;45&#8243; uc_fonts_data=&#8221;JTdCJTdE&#8221;][\/ucaddon_uc_program_content][ucaddon_uc_program_content title=&#8221;SESIUNEA III: NEXT LEVEL INNOVATION&#8221; th_de_la=&#8221;12&#8243; th_de_la_min=&#8221;45&#8243; th_pana_la=&#8221;13&#8243; th_pana_la_min=&#8221;30&#8243; uc_init_settings=&#8221;&#8221; uc_fonts_data=&#8221;JTdCJTdE&#8221;]JTNDdWwlM0UlM0NsaSUzRUVUSElDUyUyMElOJTIwVEhFJTIwQUklMjBBR0UuJTIwSW1wbGVtZW50YXJlYSUyMGV0aWMlQzQlODMlMjAlQzglOTlpJTIwcmVzcG9uc2FiaWwlQzQlODMlMjBhJTIwbm9pbG9yJTIwdGVobm9sb2dpaS4lM0MlMkZsaSUzRSUzQ2xpJTNFRURHRSUyMENPTVBVVElORy4lMjBDdW0lMjBwcm9jZXNhcmVhJTIwZGF0ZWxvciUyMG1haSUyMGFwcm9hcGUlMjBkZSUyMHN1cnMlQzQlODMlMjBjcmUlQzglOTl0ZSUyMHZpdGV6YSUyQyUyMGVmaWNpZW4lQzglOUJhJTIwJUM4JTk5aSUyMHNlY3VyaXRhdGVhJTIwYXBsaWNhJUM4JTlCaWlsb3IlMjBzbWFydCUyMHRlY2guJTNDJTJGbGklM0UlM0NsaSUzRUFJLUVOSEFOQ0VEJTIwVEVBTVdPUkslM0ElMjBDdW0lMjBwb2F0ZSUyMGFqdXRhJTIwaW50ZWxpZ2VuJUM4JTlCYSUyMGFydGlmaWNpYWwlQzQlODMlMjAlQzMlQUVuJTIwY29uc3RydWlyZWElMjBkZSUyMGVjaGlwZSUyMGNvZXJlbnRlJTIwJUMzJUFFbiUyMGVyYSUyMHdvcmslMjBmcm9tJTIwYW55d2hlcmUlM0MlMkZsaSUzRSUzQyUyRnVsJTNFJTNDcCUzRSUzQ3N0cm9uZyUzRVNQRUFLRVJTJTNDJTJGc3Ryb25nJTNFJTNDJTJGcCUzRSUzQ3AlM0UlM0NzdHJvbmclM0VHZW9yZ2UlMjBHcmFtYSUzQyUyRnN0cm9uZyUzRSUyQyUyMEZvdW5kZXIlMkMlMjBBdGxhcyUyME5hdmklMjBMb3MlMjBBbmdlbGVzJTNDYnIlMjAlMkYlM0UlM0NzdHJvbmclM0VOaWNvbGFzJTIwQm9pdG91dCUzQyUyRnN0cm9uZyUzRSUyQyUyMEZvdW5kZXIlMjAlMjZhbXAlM0IlMjBQcmluY2lwYWwlMjBDb25zdWx0YW50JTIwb24lMjBEYXRhJTJGQUklMkZDbG91ZCUzQ2JyJTIwJTJGJTNFJTNDc3Ryb25nJTNFQm9nZGFuJTIwUHV0aW5pYyVDNCU4MyUzQyUyRnN0cm9uZyUzRSUyQyUyMENvdW50cnklMjBNYW5hZ2VyJTJDJTIwTWljcm9zb2Z0JTIwUm9tYW5pYSUyMCUyNmFtcCUzQiUyME1vbGRvdmElM0MlMkZwJTNFJTNDcCUzRSUzQ2VtJTNFU2Vzc2lvbiUyMHBvd2VyZWQlMjBieSUyMCUzQ3N0cm9uZyUzRXRiaSUyMGJhbmslM0MlMkZzdHJvbmclM0UlM0MlMkZlbSUzRSUzQyUyRnAlM0U=[\/ucaddon_uc_program_content][ucaddon_uc_program_content title=&#8221;SESIUNEA IV: SMART SUSTAINABILITY&#8221; th_de_la=&#8221;13&#8243; th_de_la_min=&#8221;30&#8243; th_pana_la=&#8221;14&#8243; th_pana_la_min=&#8221;30&#8243; uc_init_settings=&#8221;&#8221; uc_fonts_data=&#8221;JTdCJTdE&#8221;]JTNDcCUzRUNvbXBhbmlpbGUlMjBpbnRlbGlnZW50ZSUyMCVDMyVBRW5jb3Jwb3JlYXolQzQlODMlMjB0ZWhub2xvZ2lhJTIwJUM4JTk5aSUyMGlub3ZhJUM4JTlCaWElMjAlQzMlQUVuJTIwZG9tZW5pdWwlMjBzdXN0ZW5hYmlsaXQlQzQlODMlQzglOUJpaSUyMGxhJTIwdG9hdGUlMjBuaXZlbHVyaWxlJTIwYnVzaW5lc3N1bHVpJTJDJTIwZGUlMjBsYSUyMHN1cnNlbGUlMjBkZSUyMGVuZXJnaWUlMjBmb2xvc2l0ZSUyQyUyMGxhJTIwbm9pJTIwcHJvY2VzZSUyMGRlJTIwcHJvZHVjJUM4JTlCaWUlMkMlMjBmJUM0JTgzciVDNCU4MyUyMGElMjB1aXRhJTIwZGUlMjBzY2hpbWJhcmVhJTIwY3VsdHVyaWklMjBvcmdhbml6YSVDOCU5QmlvbmFsZSUyQyUyMHRvdHVsJTIwcGVudHJ1JTIwYSUyMGRldmVuaSUyMGxpZGVyaSUyMCVDMyVBRW4lMjBub3VhJTIwcmVhbGl0YXRlJTIwRVNHLiUyMEFmbCVDNCU4MyUyMGN1bSUyMHBvJUM4JTlCaSUyMGNvbnN0cnVpJTIwdW4lMjB2aWl0b3IlMjBzdXN0ZW5hYmlsJTIwcGVudHJ1JTIwb3JnYW5pemElQzglOUJpYSUyMHRhLiUzQyUyRnAlM0UlM0N1bCUzRSUzQ2xpJTNFU1VTVEFJTkFCTEUlMjBURUNILiUyMEN1bSUyMGclQzMlQTJuZGUlQzglOTl0aSUyMCVDOCU5OWklMjBpbXBsZW1lbnRlemklMjBub2klMjB0ZWhub2xvZ2lpJTIwc3VzdGVuYWJpbGUlM0MlMkZsaSUzRSUzQ2xpJTNFR1JFRU4lMjBJTk5PVkFUSU9OLiUyMFRyZW5kdXJpbGUlMjAlQzglOTlpJTIwdGVobm9sb2dpaWxlJTIwZHVyYWJpbGUlMjBjYXJlJTIwbW9kZWxlYXolQzQlODMlMjB2aWl0b3J1bC4lM0MlMkZsaSUzRSUzQ2xpJTNFQ0xJTUFURSUyMFJFU0lMSUVOQ0UuJTIwU3RyYXRlZ2lpJTIwaW5vdmF0b2FyZSUyMHBlbnRydSUyMGFkYXB0YXJlYSUyMGxhJTIwc2NoaW1iJUM0JTgzcmlsZSUyMGNsaW1hdGljZS4lM0MlMkZsaSUzRSUzQ2xpJTNFU01BUlQlMjBJTlZFU1RNRU5UUy4lMjBJbnZlc3RpJUM4JTlCaWlsZSUyMHZlcnppJTJDJTIwY2FkcnVsJTIwZmF2b3JhYmlsJTIwcGVudHJ1JTIwYnVzaW5lc3N1cmklMjByZXNwb25zYWJpbGUuJTNDJTJGbGklM0UlM0MlMkZ1bCUzRSUzQ3AlM0UlM0NzdHJvbmclM0VTUEVBS0VSUyUzQyUyRnN0cm9uZyUzRSUzQyUyRnAlM0UlM0NwJTNFJTNDc3Ryb25nJTNFUnV4YW5kcmElMjBDb3JkJTNDJTJGc3Ryb25nJTNFJTJDJTIwQ0VPJTIwJTI2YW1wJTNCJTIwQ28tZm91bmRlciUyQyUyMHRoZUNvUkQuYWklM0NiciUyMCUyRiUzRSUzQ3N0cm9uZyUzRVZpY3RvciUyMEthcHJhJTNDJTJGc3Ryb25nJTNFJTJDJTIwT25saW5lJTIwJTI2YW1wJTNCJTIwU29jaWFsJTIwTWVkaWElMjBDb25zdWx0YW50JTNDYnIlMjAlMkYlM0UlM0NzdHJvbmclM0VNaWhhaWwlMjBHJUMzJUFFcm5lJUM4JTlCJTNDJTJGc3Ryb25nJTNFJTJDJTIwQ0VPJTJDJTIwQm9ibmV0JTIwR3JvdXAlM0NiciUyMCUyRiUzRSUzQ3N0cm9uZyUzRUFuZHJlaSUyMEJyb2RlJUM4JTlCY2hpJTNDJTJGc3Ryb25nJTNFJTJDJTIwQ0VPJTJDJTIwT3B0aUNhcmUlMkMlMjBDRU8lMkMlMjBPcHRpQ2FyZSUzQyUyRnAlM0U=[\/ucaddon_uc_program_content][ucaddon_uc_program_content title=&#8221;LUNCH&#8221; th_de_la=&#8221;14&#8243; th_de_la_min=&#8221;30&#8243; th_pana_la=&#8221;15&#8243; uc_fonts_data=&#8221;JTdCJTdE&#8221;]JTNDcCUzRUxVTkNIJTNDJTJGcCUzRQ==[\/ucaddon_uc_program_content][\/vc_column][\/vc_row][vc_row][vc_column][\/vc_column][\/vc_row]<\/p>\n","protected":false},"excerpt":{"rendered":"<p>[vc_row][vc_column][vc_column_text]Viziunea este cea care duce businessul la urm\u0103torul nivel, iar inova\u021bia face diferen\u021ba \u00eentre un lider \u0219i un follower \u00een orice domeniu. Organiza\u021biile care \u00eembr\u0103\u021bi\u0219eaz\u0103 \u0219i pun \u00een aplicare ideile inovatoare se distan\u021beaz\u0103 de pluton \u0219i dicteaz\u0103 regulile \u00eentr-o economie tot mai digitalizat\u0103. Inova\u021bia pe toate palierele, de la nivel de produs \u0219i servicii, la [&hellip;]<\/p>\n","protected":false},"author":2,"featured_media":0,"parent":0,"menu_order":0,"comment_status":"closed","ping_status":"closed","template":"template-program.php","meta":{"footnotes":""},"class_list":["post-172","page","type-page","status-publish","hentry"],"_links":{"self":[{"href":"https:\/\/bizinnovationforum.ro\/2024\/wp-json\/wp\/v2\/pages\/172","targetHints":{"allow":["GET"]}}],"collection":[{"href":"https:\/\/bizinnovationforum.ro\/2024\/wp-json\/wp\/v2\/pages"}],"about":[{"href":"https:\/\/bizinnovationforum.ro\/2024\/wp-json\/wp\/v2\/types\/page"}],"author":[{"embeddable":true,"href":"https:\/\/bizinnovationforum.ro\/2024\/wp-json\/wp\/v2\/users\/2"}],"replies":[{"embeddable":true,"href":"https:\/\/bizinnovationforum.ro\/2024\/wp-json\/wp\/v2\/comments?post=172"}],"version-history":[{"count":95,"href":"https:\/\/bizinnovationforum.ro\/2024\/wp-json\/wp\/v2\/pages\/172\/revisions"}],"predecessor-version":[{"id":2094,"href":"https:\/\/bizinnovationforum.ro\/2024\/wp-json\/wp\/v2\/pages\/172\/revisions\/2094"}],"wp:attachment":[{"href":"https:\/\/bizinnovationforum.ro\/2024\/wp-json\/wp\/v2\/media?parent=172"}],"curies":[{"name":"wp","href":"https:\/\/api.w.org\/{rel}","templated":true}]}}